{"id":9,"date":"2025-10-04T22:41:22","date_gmt":"2025-10-04T22:41:22","guid":{"rendered":"https:\/\/www.hydro-benin.com\/index.php\/mesmerize\/"},"modified":"2025-10-06T10:08:01","modified_gmt":"2025-10-06T10:08:01","slug":"mesmerize","status":"publish","type":"page","link":"https:\/\/www.hydro-benin.com\/","title":{"rendered":"ACCUEIL"},"content":{"rendered":"<div  data-label=\"Features\" data-id=\"features--1\" data-export-id=\"features-16\" data-category=\"features\" class=\"features-16 content-section content-section-spacing\" id=\"features-11\" style=\"background-color: rgb(245, 250, 253);\"><div  class=\"gridContainer\"> <div  class=\"row text-center\"><div  class=\"section-title-col\" data-type=\"column\"> <h2  class=\"\" style=\"cursor: text;\">La Bonne R\u00e9f\u00e9rence en mati\u00e8re de Travaux Hydrauliques de G\u00e9nie Civil et de Travaux Publics<\/h2> <\/div> <\/div> <div  class=\"row spaced-cols\" data-type=\"row\"> <div  class=\"col-xs-12 col-sm-6 col-md-4 space-bottom\"> <img  decoding=\"async\" class=\"face\" src=\"https:\/\/www.hydro-benin.com\/wp-content\/uploads\/2025\/10\/cropped-cropped-DEPLACEMENT-DES-RESAUX-DAEP-Dans-le-cadre-de-lamenagement-et-du-bitumage-de-la-section-Godomey-Abomey-Calavi.-Pose-de-tuyau-FD-DN-300.jpg\" title=\"cropped-cropped-DEPLACEMENT-DES-RESAUX-DAEP-Dans-le-cadre-de-lamenagement-et-du-bitumage-de-la-section-Godomey-Abomey-Calavi.-Pose-de-tuyau-FD-DN-300.jpg\" alt=\"\"> <div  data-type=\"column\" class=\"col-padding-small col-padding-small-xs description-container\">  <p  class=\"\">DEPLACEMENT DES RESAUX D\u2019AEP Dans le cadre de l\u2019am\u00e9nagement et du bitumage de la section Godomey \u2013 Abomey Calavi. Pose de tuyau FD DN 300<\/p> <\/div> <\/div> <div  class=\"col-xs-12 col-sm-6 col-md-4 space-bottom\"> <img  decoding=\"async\" class=\"face\" src=\"https:\/\/www.hydro-benin.com\/wp-content\/uploads\/2025\/10\/cropped-SOUDURE-PEHD-560-a-Godomey-Togoudo-scaled-1.jpg\" title=\"SOUDURE PEHD 560 a Godomey Togoudo\" alt=\"\"> <div  data-type=\"column\" class=\"col-padding-small col-padding-small-xs description-container\">  <p  class=\"\">SOUDURE PEHD 560 a Godomey TogoudoSOUDURE PEHD 560 a Godomey Togoudo<\/p> <\/div> <\/div> <div  class=\"col-xs-12 col-sm-6 col-md-4 space-bottom\"> <img  decoding=\"async\" class=\"face\" src=\"https:\/\/www.hydro-benin.com\/wp-content\/uploads\/2025\/10\/cropped-TRANCHE-DURGENCE-DU-PROJET-DE-RENFORCEMENT-ET-D4EXTENTION-DU-SYSTEME-DAEP-DE-COTONOU-ET-SES-ENVIRONS.RACCORDEMENT-FD-DN-400-sur-FD-DN-400-au-Marche-DANTOKPA-DE-Cotonou-scaled-1.jpg\" title=\"TRANCHE D'URGENCE DU PROJET DE RENFORCEMENT ET D4EXTENTION DU SYSTEME D'AEP DE COTONOU ET SES ENVIRONS.RACCORDEMENT FD DN 400 sur FD DN 400 au March\u00e9 DANTOKPA DE Cotonou\" alt=\"\"> <div  data-type=\"column\" class=\"col-padding-small col-padding-small-xs description-container\">  <p  class=\"\">TRANCHE D\u2019URGENCE DU PROJET DE RENFORCEMENT ET D\u2019EXTENTION DU SYSTEME D\u2019AEP DE COTONOU ET SES ENVIRONS.RACCORDEMENT FD DN 400 sur FD DN 400 au March\u00e9 DANTOKPA DE Cotonou<\/p> <\/div> <\/div><div  class=\"col-xs-12 col-sm-6 col-md-4 space-bottom\"> <img  decoding=\"async\" class=\"face\" src=\"https:\/\/www.hydro-benin.com\/wp-content\/uploads\/2025\/10\/cropped-VIABILISATION-DES-SITE-DACCUEIL-DES-VILLAS-DE-TYPE-PRESIDENTIELS.-POSE-du-conduite-en-PEHD-DN-200-scaled-1.jpg\" title=\"VIABILISATION DES SITE D'ACCUEIL DES VILLAS DE TYPE PRESIDENTIELS. POSE du conduite en PEHD DN 200\" alt=\"\"> <div  data-type=\"column\" class=\"col-padding-small col-padding-small-xs description-container\">  <p  class=\"\">VIABILISATION DES SITE D\u2019ACCUEIL DES VILLAS DE TYPE PRESIDENTIELS.  POSE du conduite en PEHD DN 200<\/p> <\/div> <\/div><div  class=\"col-xs-12 col-sm-6 col-md-4 space-bottom\"> <img  decoding=\"async\" class=\"face\" src=\"https:\/\/www.hydro-benin.com\/wp-content\/uploads\/2025\/10\/cropped-REPARATION-EN-BOUT-A-BOUT-DU-PEHD-225-SUR-LE-FLEUVE-OUEME-2-scaled-1.jpg\" title=\"REPARATION EN BOUT A BOUT DU PEHD 225 SUR LE FLEUVE OUEME 2\" alt=\"\"> <div  data-type=\"column\" class=\"col-padding-small col-padding-small-xs description-container\">  <p  class=\"\">REPARATION EN BOUT A BOUT DU PEHD 225 SUR LE FLEUVE OUEME 2<\/p> <\/div> <\/div><div  class=\"col-xs-12 col-sm-6 col-md-4 space-bottom\"> <img  decoding=\"async\" class=\"face\" src=\"https:\/\/www.hydro-benin.com\/wp-content\/uploads\/2025\/10\/cropped-RENFORCEMENT-SYSTEME-AEP-DE-COTONOU-ET-SES-AGGLOMERATIONS-.-POSE-de-DF-DN-600-a-Godomey.jpg\" title=\"cropped-RENFORCEMENT-SYSTEME-AEP-DE-COTONOU-ET-SES-AGGLOMERATIONS-.-POSE-de-DF-DN-600-a-Godomey.jpg\" alt=\"\"> <div  data-type=\"column\" class=\"col-padding-small col-padding-small-xs description-container\">  <p  class=\"\">RENFORCEMENT SYSTEME AEP DE COTONOU ET SES AGGLOMERATIONS . POSE de DF DN 600 \u00e0 Godomey<\/p> <\/div> <\/div><\/div> <\/div><\/div><div  id=\"content-13\" style=\"background-color: #f5fafd;\" data-label=\"Content\" data-id=\"content-2\" data-export-id=\"content-2\" data-category=\"content\" class=\"content-2 content-section content-section-spacing\"><div > <div  class=\"row middle-xs\"><div  class=\"col-sm-5 bg-image shadow-large-black\" data-bg=\"image\" style=\"background-image: url(&quot;https:\/\/www.hydro-benin.com\/wp-content\/uploads\/2025\/10\/cropped-DSC02081.jpg&quot;);\"><\/div> <div  class=\"col-sm-7 full-col-left-padding full-col-right-padding\"> <div  class=\"row\"> <div  data-type=\"column\" class=\"space-bottom-small content-title-col\"><h3  class=\"\"><span  style=\"font-size: 18.0pt; font-family: &quot;Times New Roman&quot;,serif; mso-fareast-font-family: &quot;Times New Roman&quot;; mso-ansi-language: FR; mso-fareast-language: FR; mso-bidi-language: AR-SA;\">Une \u00e9quipe de cadres et de techniciens comp\u00e9tents \u00e0\nvotre service<\/span><\/h3>   <\/div> <\/div> <div  class=\"row spaced-cols \" data-type=\"row\"> <div  class=\"col-xs-6\" data-type=\"column\">  <\/div>    <div  class=\"col-xs-6\" data-type=\"column\">  <\/div><\/div><\/div> <\/div><\/div> <\/div><div  id=\"content-14\" style=\"background-color: #ffffff;\" data-label=\"Content\" data-id=\"content-3\" data-export-id=\"content-3\" data-category=\"content\" class=\"content-3 content-section content-section-spacing\"><div > <div  class=\"row middle-xs\"><div  class=\"col-sm-7 full-col-left-padding full-col-right-padding\"> <div  class=\"row\"><div  data-type=\"column\" class=\"space-bottom-small content-title-col\">   <h3  class=\"\"><span  style=\"font-size: 18.0pt; font-family: &quot;Times New Roman&quot;,serif; mso-fareast-font-family: &quot;Times New Roman&quot;; mso-ansi-language: FR; mso-fareast-language: FR; mso-bidi-language: AR-SA;\">NOTRE MA\u00ceTRISE DU SAVOIR ET DU SAVOIR FAIRE FAIT DE\nNOUS UNE REFERENCE<\/span><\/h3><\/div> <\/div> <div  class=\"row spaced-cols\" data-type=\"row\"> <div  class=\"col-xs-6\" data-type=\"column\">  <\/div>    <\/div><\/div> <div  class=\"col-sm-5 bg-image shadow-large-black revert-classes-holder\" data-bg=\"image\" style=\"background-image: url(&quot;https:\/\/www.hydro-benin.com\/wp-content\/uploads\/2025\/10\/cropped-DSC00821-1.jpg&quot;);\"><\/div><\/div> <\/div><\/div><div  id=\"portfolio-3\" style=\"background-color: #f5fafd;\" data-label=\"Portfolio\" data-id=\"portfolio-4\" data-export-id=\"portfolio-4\" data-category=\"portfolio\" class=\"portfolio-4 content-section content-section-spacing-top\"><div  class=\"\"> <div  class=\"row text-center\"><div  class=\"section-title-col\" data-type=\"column\"><h1  class=\"\">NOUS SOMMES LA REFERENCE&nbsp;<\/h1>  <\/div> <\/div> <div  data-type=\"row\" class=\"row\" data-fixed=\"true\"> <div  class=\"col-xs-12 col-sm-3 no-gutter-col\"> <div  class=\"contentswap-effect\" data-hover-fx=\"portfolio-4\"> <div  class=\"initial-image\"> <img  decoding=\"async\" data-size=\"542x360\" src=\"https:\/\/www.hydro-benin.com\/wp-content\/uploads\/2025\/10\/PICT0032-scaled.jpg\"><\/div> <div  class=\"overlay bg-color1\"><\/div> <div  class=\"swap-inner col-xs-12\"> <div  class=\"row full-height-row middle-xs middle-sm\"> <div  class=\"col-xs-12 text-center content-holder\"> <a  href=\"#\" target=\"_self\"><i  class=\"fa icon portfolio-icon fa-search big\" aria-hidden=\"true\"><\/i><\/a><\/div> <\/div><\/div> <\/div><\/div> <div  class=\"col-xs-12 col-sm-3 no-gutter-col\"><div  class=\"contentswap-effect\" data-hover-fx=\"portfolio-4\"> <div  class=\"initial-image\"> <img  decoding=\"async\" data-size=\"542x360\" src=\"https:\/\/www.hydro-benin.com\/wp-content\/uploads\/2025\/10\/n-scaled.jpg\"><\/div> <div  class=\"overlay bg-color1\"><\/div> <div  class=\"swap-inner col-xs-12\"> <div  class=\"row full-height-row middle-xs middle-sm\"> <div  class=\"col-xs-12 text-center content-holder\"> <a  href=\"#\" target=\"_self\"><i  class=\"fa icon portfolio-icon fa-search big\" aria-hidden=\"true\"><\/i><\/a><\/div> <\/div><\/div> <\/div><\/div> <div  class=\"col-xs-12 col-sm-3 no-gutter-col\"><div  class=\"contentswap-effect\" data-hover-fx=\"portfolio-4\"> <div  class=\"initial-image\"> <img  decoding=\"async\" data-size=\"542x360\" src=\"https:\/\/www.hydro-benin.com\/wp-content\/uploads\/2025\/10\/PICT0025-scaled.jpg\"><\/div> <div  class=\"overlay bg-color1\"><\/div> <div  class=\"swap-inner col-xs-12\"> <div  class=\"row full-height-row middle-xs middle-sm\"> <div  class=\"col-xs-12 text-center content-holder\"> <a  href=\"#\" target=\"_self\"><i  class=\"fa icon portfolio-icon fa-search big\" aria-hidden=\"true\"><\/i><\/a><\/div> <\/div><\/div> <\/div><\/div> <div  class=\"col-xs-12 col-sm-3 no-gutter-col\"><div  class=\"contentswap-effect\" data-hover-fx=\"portfolio-4\"> <div  class=\"initial-image\"> <img  decoding=\"async\" data-size=\"542x360\" src=\"https:\/\/www.hydro-benin.com\/wp-content\/uploads\/2025\/10\/ouando1-scaled.jpg\"><\/div> <div  class=\"overlay bg-color1\"><\/div> <div  class=\"swap-inner col-xs-12\"> <div  class=\"row full-height-row middle-xs middle-sm\"> <div  class=\"col-xs-12 text-center content-holder\"> <a  href=\"#\" target=\"_self\"><i  class=\"fa icon portfolio-icon fa-search big\" aria-hidden=\"true\"><\/i><\/a><\/div> <\/div><\/div> <\/div><\/div> <div  class=\"col-xs-12 col-sm-3 no-gutter-col\"><div  class=\"contentswap-effect\" data-hover-fx=\"portfolio-4\"> <div  class=\"initial-image\"> <img  decoding=\"async\" data-size=\"542x360\" src=\"https:\/\/www.hydro-benin.com\/wp-content\/uploads\/2025\/10\/DSC02098.jpg\"><\/div> <div  class=\"overlay bg-color1\"><\/div> <div  class=\"swap-inner col-xs-12\"> <div  class=\"row full-height-row middle-xs middle-sm\"> <div  class=\"col-xs-12 text-center content-holder\"> <a  href=\"#\" target=\"_self\"><i  class=\"fa icon portfolio-icon fa-search big\" aria-hidden=\"true\"><\/i><\/a><\/div> <\/div><\/div> <\/div><\/div> <div  class=\"col-xs-12 col-sm-3 no-gutter-col\"><div  class=\"contentswap-effect\" data-hover-fx=\"portfolio-4\"> <div  class=\"initial-image\"> <img  decoding=\"async\" data-size=\"542x360\" src=\"https:\/\/www.hydro-benin.com\/wp-content\/uploads\/2025\/10\/CIMG0021-scaled.jpg\"><\/div> <div  class=\"overlay bg-color1\"><\/div> <div  class=\"swap-inner col-xs-12\"> <div  class=\"row full-height-row middle-xs middle-sm\"> <div  class=\"col-xs-12 text-center content-holder\"> <a  href=\"#\" target=\"_self\"><i  class=\"fa icon portfolio-icon fa-search big\" aria-hidden=\"true\"><\/i><\/a><\/div> <\/div><\/div> <\/div><\/div> <div  class=\"col-xs-12 col-sm-3 no-gutter-col\"><div  class=\"contentswap-effect\" data-hover-fx=\"portfolio-4\"> <div  class=\"initial-image\"> <img  decoding=\"async\" data-size=\"542x360\" src=\"https:\/\/www.hydro-benin.com\/wp-content\/uploads\/2025\/10\/CIMG0399-scaled.jpg\"><\/div> <div  class=\"overlay bg-color1\"><\/div> <div  class=\"swap-inner col-xs-12\"> <div  class=\"row full-height-row middle-xs middle-sm\"> <div  class=\"col-xs-12 text-center content-holder\"> <a  href=\"#\" target=\"_self\"><i  class=\"fa icon portfolio-icon fa-search big\" aria-hidden=\"true\"><\/i><\/a><\/div> <\/div><\/div> <\/div><\/div> <div  class=\"col-xs-12 col-sm-3 no-gutter-col\"><div  class=\"contentswap-effect\" data-hover-fx=\"portfolio-4\"> <div  class=\"initial-image\"> <img  decoding=\"async\" data-size=\"542x360\" src=\"https:\/\/www.hydro-benin.com\/wp-content\/uploads\/2025\/10\/CIMG0453-scaled.jpg\"><\/div> <div  class=\"overlay bg-color1\"><\/div> <div  class=\"swap-inner col-xs-12\"> <div  class=\"row full-height-row middle-xs middle-sm\"> <div  class=\"col-xs-12 text-center content-holder\"> <a  href=\"#\" target=\"_self\"><i  class=\"fa icon portfolio-icon fa-search big\" aria-hidden=\"true\"><\/i><\/a><\/div> <\/div><\/div> <\/div><\/div> <\/div><\/div> <\/div><div  id=\"contact-1\" data-label=\"Contact\" data-id=\"contact-1\" data-export-id=\"contact-1\" data-category=\"contact\" class=\"contact-1 content-section content-section-spacing white-text\" data-parallax-depth=\"20\" style=\"background-image: url(&quot;https:\/\/www.hydro-benin.com\/wp-content\/uploads\/2025\/10\/cropped-DSC02119.jpg&quot;); background-size: cover; background-position: center top;\"><div  class=\"gridContainer\"> <div  class=\"row text-center\"><div  class=\"section-title-col\" data-type=\"column\">  <h2  class=\"\"><i ><span  style=\"font-size: 36.0pt; font-family: &quot;Times New Roman&quot;,serif; mso-fareast-font-family: &quot;Times New Roman&quot;; color: #4F81BD; mso-ansi-language: FR; mso-fareast-language: FR; mso-bidi-language: AR-SA;\">HYDRO-BENIN<\/span><\/i><\/h2><p  class=\"lead\"><span  style=\"font-size: 18.0pt; font-family: &quot;Times New Roman&quot;,serif; mso-fareast-font-family: &quot;Times New Roman&quot;; mso-ansi-language: FR; mso-fareast-language: FR; mso-bidi-language: AR-SA;\">Nous vous remercions pour votre visite sur l\u2019espace&nbsp;<\/span>.<\/p><p  class=\"lead\"><span  style=\"font-size: 18.0pt; font-family: &quot;Times New Roman&quot;,serif; mso-fareast-font-family: &quot;Times New Roman&quot;; mso-ansi-language: FR; mso-fareast-language: FR; mso-bidi-language: AR-SA;\">Nous esp\u00e9rons vivement qu\u2019apr\u00e8s votre visite vous\nnous conna\u00eetriez mieux<\/span><\/p><\/div> <\/div> <div  class=\"row text-center\"> <div  class=\"col-xs-12 col-sm-8 col-sm-offset-2 contact-form-wrapper inline-info\"> <div  class=\"card large-padding\"> <div  class=\"\" data-content-shortcode=\"mesmerize_contact_form shortcode=&quot;Nous esp\u00e9rons vivement qu\u2019apr\u00e8s votre visite vous nous conna\u00eetriez mieux&quot;\" data-editable=\"true\">[Nous esp\u00e9rons vivement qu\u2019apr\u00e8s votre visite vous nous conna\u00eetriez mieux]<\/div><\/div> <\/div><\/div> <\/div><\/div>","protected":false},"excerpt":{"rendered":"<p>La Bonne R\u00e9f\u00e9rence en mati\u00e8re de Travaux Hydrauliques de G\u00e9nie Civil et de Travaux Publics DEPLACEMENT DES RESAUX D\u2019AEP Dans le cadre de l\u2019am\u00e9nagement et du bitumage de la section Godomey \u2013 Abomey Calavi. Pose de tuyau FD DN 300 SOUDURE PEHD 560 a Godomey TogoudoSOUDURE PEHD 560 a Godomey Togoudo TRANCHE D\u2019URGENCE DU PROJET&hellip; <br \/> <a class=\"read-more\" href=\"https:\/\/www.hydro-benin.com\/\">Lire la suite<\/a><\/p>\n","protected":false},"author":1,"featured_media":0,"parent":0,"menu_order":0,"comment_status":"closed","ping_status":"closed","template":"page-templates\/homepage.php","meta":{"footnotes":""},"class_list":["post-9","page","type-page","status-publish","hentry"],"_links":{"self":[{"href":"https:\/\/www.hydro-benin.com\/index.php\/wp-json\/wp\/v2\/pages\/9","targetHints":{"allow":["GET"]}}],"collection":[{"href":"https:\/\/www.hydro-benin.com\/index.php\/wp-json\/wp\/v2\/pages"}],"about":[{"href":"https:\/\/www.hydro-benin.com\/index.php\/wp-json\/wp\/v2\/types\/page"}],"author":[{"embeddable":true,"href":"https:\/\/www.hydro-benin.com\/index.php\/wp-json\/wp\/v2\/users\/1"}],"replies":[{"embeddable":true,"href":"https:\/\/www.hydro-benin.com\/index.php\/wp-json\/wp\/v2\/comments?post=9"}],"version-history":[{"count":30,"href":"https:\/\/www.hydro-benin.com\/index.php\/wp-json\/wp\/v2\/pages\/9\/revisions"}],"predecessor-version":[{"id":280,"href":"https:\/\/www.hydro-benin.com\/index.php\/wp-json\/wp\/v2\/pages\/9\/revisions\/280"}],"wp:attachment":[{"href":"https:\/\/www.hydro-benin.com\/index.php\/wp-json\/wp\/v2\/media?parent=9"}],"curies":[{"name":"wp","href":"https:\/\/api.w.org\/{rel}","templated":true}]}}